{"id":25,"date":"2009-08-16T17:08:08","date_gmt":"2009-08-16T17:08:08","guid":{"rendered":"http:\/\/somatikk.wordpress.com\/?page_id=25"},"modified":"2021-10-16T21:36:48","modified_gmt":"2021-10-16T20:36:48","slug":"um-somatics","status":"publish","type":"page","link":"https:\/\/www.somatics.is\/?page_id=25","title":{"rendered":"Um Eddu"},"content":{"rendered":"<p style=\"text-align: center;\">\n<p style=\"text-align: center;\"><b>Edda hefur s\u00e9rh\u00e6ft sig \u00ed para og fj\u00f6lskyldur\u00e1\u00f0gj\u00f6f, me\u00f0fer\u00f0 \u00e1fallastreitu hj\u00e1 einstaklingum og sinnir einnig handlei\u00f0slu fagf\u00f3lks<\/b>. <strong>Edda er \u00fej\u00e1lfu\u00f0 \u00ed me\u00f0fer\u00f0arm\u00f3deli &#8220;Somatics psychology&#8221; sem gengur \u00fat fr\u00e1 og heild l\u00edkama og s\u00e1lar \u00ed allri me\u00f0fer\u00f0arvinnu.<\/strong><\/p>\n<p>Edda hefur langa starfsreynslu \u00ed me\u00f0fer\u00f0arvinnu me\u00f0 fullor\u00f0na, ungmenni og fj\u00f6lskyldur.\u00a0 \u00dear m\u00e1 telja st\u00f6rf \u00e1 ge\u00f0svi\u00f0i LSH \u00e1 br\u00e1\u00f0age\u00f0deildum, st\u00f6rf \u00e1 g\u00f6ngudeild BUGL, m.a. sem teymisst\u00f3ri br\u00e1\u00f0ateymis \u00ed nokkur \u00e1r.\u00a0 Undanfarin \u00e1r hefur Edda a\u00f0allega sinnt h\u00f3pme\u00f0fer\u00f0 \u00ed Dialektiskri atferlisme\u00f0fer\u00f0 fyrir unglinga og foreldra \u00feeirra \u00e1 vegum DAM teymis BUGL \u00e1samt \u00fev\u00ed a\u00f0 reka eigin me\u00f0fer\u00f0arstofu og sinna \u00fear vi\u00f0t\u00f6lum vi\u00f0 p\u00f6r, fj\u00f6lskyldur og einstaklinga.<\/p>\n<p style=\"text-align: left;\"><strong>H\u00e1lsk\u00f3lamenntun<\/strong>:<\/p>\n<p style=\"text-align: left;\">Edda me\u00f0 B.Sc. gr\u00e1\u00f0u \u00ed hj\u00fakrunarfr\u00e6\u00f0i fr\u00e1 H\u00e1sk\u00f3la \u00cdslands, mastersgr\u00e1\u00f0u \u00ed s\u00e1lfr\u00e6\u00f0i\/psychotherapy fr\u00e1 California Institute of Integras Studies, San Francisco, CA, USA me\u00f0 \u00e1herslu \u00e1 somatics e\u00f0a heild l\u00edkama og s\u00e1lar \u00ed me\u00f0fer\u00f0arvinnu og mastersgr\u00e1\u00f0u \u00ed mannfr\u00e6\u00f0i fr\u00e1 Columbia University, New York, USA me\u00f0 \u00e1herslu \u00e1 heilsumannfr\u00e6\u00f0i.<\/p>\n<p><strong>Vi\u00f0b\u00f3tarmenntun og s\u00e9rh\u00e6fing<\/strong>:<\/p>\n<p><b>D\u00edalektisk atferlisme\u00f0fer\u00f0<\/b>: \u00dej\u00e1lfun \u00ed<b> <\/b><strong>Dialectical Behavior Therapy Intensive Training<\/strong><strong>&#x2122;<\/strong>. <em>The Linehan Institute, Behavioral Tech, LLC. VA, US.<\/em><\/p>\n<p><b>Para og fj\u00f6lskyldume\u00f0fer\u00f0<\/b>: \u00fej\u00e1lfun (<strong>Externship) \u00ed Emotionally Focused Couples and family Therapy<i>.<\/i><\/strong><i> <\/i><em>International Centre for Excellence in Emotionally Focused Therapy, Ottawa, Ontario, Canada. The Gottman Institute,Orcas Islands, Washington, USA<\/em><i>, <\/i>n\u00e1mskei\u00f0.<\/p>\n<p><b>\u00c1fallame\u00f0fer\u00f0<\/b>: \u00dej\u00e1lfun \u00ed EMDR me\u00f0fer\u00f0. <em>HAP-Humanitarian Assistance Programs, Hamden, Connecticut, USA<\/em><em>, <\/em>og s\u00edmenntun. \u00dej\u00e1lfun hj\u00e1 <em>Somatic Experiencing Trauma Institute, Boulder, Colarado, USA<\/em><em>,<\/em> og s\u00edmenntun.<\/p>\n<p style=\"text-align: left;\"><b>Handlei\u00f0sla<\/b>: \u00deriggja anna n\u00e1m \u00ed Handlei\u00f0slufr\u00e6\u00f0um \u00e1 vegum f\u00e9lagsv\u00edsindasvi\u00f0s H.\u00cd. N\u00e1mslok \u00e1\u00e6tlu\u00f0 \u00ed desember 2017<\/p>\n<p style=\"text-align: center;\">Sj\u00e1 n\u00e1nar undir &#8220;Starfsferilsskr\u00e1&#8221;.<\/p>\n<p><!--close singlepostcontent--> <!--close singlepost--> <!-- close div class maincontentcolumn--><\/p>\n<div><!-- close widgetinside--><!-- close widget--><\/div>\n<p><!-- close sidebarcolumn--><\/p>\n","protected":false},"excerpt":{"rendered":"<p>Edda hefur s\u00e9rh\u00e6ft sig \u00ed para og fj\u00f6lskyldur\u00e1\u00f0gj\u00f6f, me\u00f0fer\u00f0 \u00e1fallastreitu hj\u00e1 einstaklingum og sinnir einnig handlei\u00f0slu fagf\u00f3lks. Edda er \u00fej\u00e1lfu\u00f0 \u00ed me\u00f0fer\u00f0arm\u00f3deli &#8220;Somatics psychology&#8221; sem gengur \u00fat fr\u00e1 og heild l\u00edkama og s\u00e1lar \u00ed allri me\u00f0fer\u00f0arvinnu. Edda hefur langa starfsreynslu \u00ed me\u00f0fer\u00f0arvinnu me\u00f0 fullor\u00f0na, ungmenni og fj\u00f6lskyldur.\u00a0 \u00dear m\u00e1 telja st\u00f6rf \u00e1 ge\u00f0svi\u00f0i LSH \u00e1 [&hellip;]<\/p>\n","protected":false},"author":1,"featured_media":0,"parent":0,"menu_order":0,"comment_status":"closed","ping_status":"closed","template":"","meta":[],"_links":{"self":[{"href":"https:\/\/www.somatics.is\/index.php?rest_route=\/wp\/v2\/pages\/25"}],"collection":[{"href":"https:\/\/www.somatics.is\/index.php?rest_route=\/wp\/v2\/pages"}],"about":[{"href":"https:\/\/www.somatics.is\/index.php?rest_route=\/wp\/v2\/types\/page"}],"author":[{"embeddable":true,"href":"https:\/\/www.somatics.is\/index.php?rest_route=\/wp\/v2\/users\/1"}],"replies":[{"embeddable":true,"href":"https:\/\/www.somatics.is\/index.php?rest_route=%2Fwp%2Fv2%2Fcomments&post=25"}],"version-history":[{"count":56,"href":"https:\/\/www.somatics.is\/index.php?rest_route=\/wp\/v2\/pages\/25\/revisions"}],"predecessor-version":[{"id":851,"href":"https:\/\/www.somatics.is\/index.php?rest_route=\/wp\/v2\/pages\/25\/revisions\/851"}],"wp:attachment":[{"href":"https:\/\/www.somatics.is\/index.php?rest_route=%2Fwp%2Fv2%2Fmedia&parent=25"}],"curies":[{"name":"wp","href":"https:\/\/api.w.org\/{rel}","templated":true}]}}