{"id":18,"date":"2009-08-14T18:16:13","date_gmt":"2009-08-14T18:16:13","guid":{"rendered":"http:\/\/somatikk.wordpress.com\/?page_id=18"},"modified":"2022-02-22T18:43:45","modified_gmt":"2022-02-22T18:43:45","slug":"hafa-samband","status":"publish","type":"page","link":"https:\/\/www.somatics.is\/?page_id=18","title":{"rendered":"Hafa samband"},"content":{"rendered":"<p>T\u00edmapantanir \u00ed s\u00edma 546 0406 hj\u00e1 riturum EMDR stofunnar<\/p>\n<p>EInnig er velkomi\u00f0 a\u00f0 senda m\u00e9r p\u00f3st \u00e1 edda@emdrstofan.is<\/p>\n<p>\u00c9g er sta\u00f0sett \u00ed Vallark\u00f3r 4, 203 k\u00f3pavogi \u00e1 EMDR stofunni 3.H. \u00ed sama h\u00fasi og Kr\u00f3nan<\/p>\n","protected":false},"excerpt":{"rendered":"<p>T\u00edmapantanir \u00ed s\u00edma 546 0406 hj\u00e1 riturum EMDR stofunnar EInnig er velkomi\u00f0 a\u00f0 senda m\u00e9r p\u00f3st \u00e1 edda@emdrstofan.is \u00c9g er sta\u00f0sett \u00ed Vallark\u00f3r 4, 203 k\u00f3pavogi \u00e1 EMDR stofunni 3.H. \u00ed sama h\u00fasi og Kr\u00f3nan<\/p>\n","protected":false},"author":1,"featured_media":0,"parent":0,"menu_order":5,"comment_status":"closed","ping_status":"closed","template":"","meta":[],"_links":{"self":[{"href":"https:\/\/www.somatics.is\/index.php?rest_route=\/wp\/v2\/pages\/18"}],"collection":[{"href":"https:\/\/www.somatics.is\/index.php?rest_route=\/wp\/v2\/pages"}],"about":[{"href":"https:\/\/www.somatics.is\/index.php?rest_route=\/wp\/v2\/types\/page"}],"author":[{"embeddable":true,"href":"https:\/\/www.somatics.is\/index.php?rest_route=\/wp\/v2\/users\/1"}],"replies":[{"embeddable":true,"href":"https:\/\/www.somatics.is\/index.php?rest_route=%2Fwp%2Fv2%2Fcomments&post=18"}],"version-history":[{"count":40,"href":"https:\/\/www.somatics.is\/index.php?rest_route=\/wp\/v2\/pages\/18\/revisions"}],"predecessor-version":[{"id":857,"href":"https:\/\/www.somatics.is\/index.php?rest_route=\/wp\/v2\/pages\/18\/revisions\/857"}],"wp:attachment":[{"href":"https:\/\/www.somatics.is\/index.php?rest_route=%2Fwp%2Fv2%2Fmedia&parent=18"}],"curies":[{"name":"wp","href":"https:\/\/api.w.org\/{rel}","templated":true}]}}